{"id":6447,"date":"2022-12-10T16:59:53","date_gmt":"2022-12-10T15:59:53","guid":{"rendered":"https:\/\/maisontoa.com\/?page_id=6447"},"modified":"2025-10-21T17:52:14","modified_gmt":"2025-10-21T15:52:14","slug":"the-clinic","status":"publish","type":"page","link":"https:\/\/maisontoa.com\/en\/the-clinic\/","title":{"rendered":"Our Aesthetic Clinic in Lausanne"},"content":{"rendered":"<h1>Maison T\u00f3\u0101 Clinic<\/h1>\n<div>\n<p>Maison T\u00f3\u0101 is located in the heart of Lausanne, in the very modern area of the Flon and offers treatments ranging from dermatology to plastic surgery. A pleasant welcome in a discreet and elegant environment awaits you.<\/p>\n<\/div>\n<ul>\n<li>\n<p>        <img decoding=\"async\" src=\"\/wp-content\/uploads\/2022\/10\/photo-de-la-reception-4--scaled.jpg\" alt=\"maison toa\" title=\"\"><\/p>\n<\/li>\n<li>\n<p>        <img decoding=\"async\" src=\"\/wp-content\/uploads\/2022\/10\/photo-bureau--scaled.jpg\" alt=\"\" title=\"\"><\/p>\n<\/li>\n<li>\n<p>        <img decoding=\"async\" src=\"\/wp-content\/uploads\/2022\/10\/photo-de-la-reception-3--scaled.jpg\" alt=\"maison toa\" title=\"\"><\/p>\n<\/li>\n<\/ul>\n<ul>\n<li>\n<p>        <img decoding=\"async\" src=\"\/wp-content\/uploads\/2022\/10\/photo-bureau--scaled-e1666781568603.jpg\" alt=\"maison toa\" title=\"\"><\/p>\n<p><a href=\"#\">Lookbook Women<\/a><\/p>\n<\/li>\n<li>\n<p>        <img decoding=\"async\" src=\"\/wp-content\/uploads\/2022\/10\/photo-bureau--scaled.jpg\" alt=\"\" title=\"\"><\/p>\n<p><a href=\"#\">Our Services<\/a><\/p>\n<\/li>\n<li>\n<p>        <img decoding=\"async\" src=\"\/wp-content\/uploads\/2022\/10\/photo-de-la-reception-3--scaled.jpg\" alt=\"maison toa\" title=\"\"><\/p>\n<p><a href=\"#\">Lookbook Men<\/a><\/p>\n<\/li>\n<\/ul>\n<p><img decoding=\"async\" src=\"\/wp-content\/uploads\/2021\/09\/1.jpg\" alt=\"la clinique Maison TOA\" title=\"\"><\/p>\n<h2>\n<h2>Aesthetic medicine at the cutting edge of technology<\/h2>\n<\/h2>\n<div>\n<p>Maison T\u00f3\u0101 is equipped with the latest technologies in <strong>aesthetic medicine<\/strong> to provide an innovative and customized experience.<\/p>\n<p>Our priority is to offer treatments based on medical expertise. Our goal is to provide effective results while respecting each individual&#8217;s features and morphology.<\/p>\n<p>These <strong>aesthetic medicine<\/strong> treatments are designed for both men and women.<\/p>\n<\/div>\n<h2>Excellence and humanity are the key words of our clinic.<\/h2>\n<h3>The heart of Maison T\u00f3\u0101<\/h3>\n<div>\n<p>T\u00f3\u0101: these three letters mean &#8220;beauty&#8221; in the San dialect, the oldest inhabitants of South Africa. Maison T\u00f3\u0101 was also founded as a tribute to Irene Staehelin, a bright Swiss anthropologist and Dr. Miles&#8217; godmother.\u00a0For most of her life, she fought \u00a0for the\u00a0San people of the Kalahari Desert by providing them with an educational and cultural center on the west coast of South Africa.<\/p>\n<p>The San, or more commonly known as Bushmen, are the oldest inhabitants of South Africa, having lived there for over 44,000 years. They speak the clicked languages of the Khoisan group. Persecuted by the Bantu and Boer people, then marginalized by the British colonizers, they now live mainly in the Kalahari Desert. Traditionally hunter-gatherers, they are now largely sedentary and their number is estimated at about 100,000.<\/p>\n<\/div>\n<p><img decoding=\"async\" src=\"\/wp-content\/uploads\/2020\/09\/helena-lopes-y0vL_G8JsMw-unsplash-scaled.jpg\" alt=\"Aesthetic clinic\" title=\"\"><\/p>\n<p><!--more--><br \/>\n<!-- {\"type\":\"layout\",\"children\":[{\"type\":\"section\",\"props\":{\"image_position\":\"center-center\",\"padding\":\"large\",\"style\":\"default\",\"text_color\":\"light\",\"title_breakpoint\":\"xl\",\"title_position\":\"top-left\",\"title_rotation\":\"left\",\"vertical_align\":\"middle\",\"video\":\"wp-content\\\/uploads\\\/2025\\\/10\\\/Video-toa-clinique.mp4\",\"width\":\"default\"},\"children\":[{\"type\":\"row\",\"children\":[{\"type\":\"column\",\"props\":{\"image_position\":\"center-center\",\"position_sticky_breakpoint\":\"m\"},\"children\":[{\"type\":\"headline\",\"props\":{\"content\":\"Maison T\\u00f3\\u0101 Clinic\",\"margin\":\"default\",\"margin_remove_top\":false,\"maxwidth\":\"xlarge\",\"text_align_breakpoint\":\"m\",\"text_align_fallback\":\"center\",\"title_element\":\"h1\"}},{\"type\":\"breadcrumbs\",\"props\":{\"margin_remove_top\":true,\"show_current\":true,\"show_home\":true}}]}]}]},{\"type\":\"section\",\"props\":{\"image_position\":\"center-center\",\"padding\":\"large\",\"style\":\"default\",\"title_breakpoint\":\"xl\",\"title_position\":\"top-left\",\"title_rotation\":\"left\",\"vertical_align\":\"\",\"width\":\"default\"},\"children\":[{\"type\":\"row\",\"props\":{\"column_gap\":\"large\",\"divider\":false,\"layout\":\"2-3,1-3\",\"row_gap\":\"large\"},\"children\":[{\"type\":\"column\",\"props\":{\"image_position\":\"center-center\",\"position_sticky_breakpoint\":\"m\",\"width_medium\":\"2-3\"},\"children\":[{\"type\":\"text\",\"props\":{\"block_align_breakpoint\":\"m\",\"block_align_fallback\":\"center\",\"column_breakpoint\":\"m\",\"content\":\"\n\n<p>Maison T\\u00f3\\u0101 is located in the heart of Lausanne, in the very modern area of the Flon and offers treatments ranging from dermatology to plastic surgery. A pleasant welcome in a discreet and elegant environment awaits you.<\\\/p>\",\"margin\":\"xlarge\",\"margin_remove_top\":true,\"maxwidth\":\"2xlarge\",\"maxwidth_breakpoint\":\"m\",\"text_align\":\"left\"}},{\"name\":\"Slideshow Content Left Parallax\",\"type\":\"slideshow\",\"children\":[{\"type\":\"slideshow_item\",\"props\":{\"image\":\"wp-content\\\/uploads\\\/2022\\\/10\\\/photo-de-la-reception-4--scaled.jpg\",\"image_alt\":\"maison toa\",\"link_text\":\"Lookbook Women\",\"meta\":\"\",\"thumbnail\":\"wp-content\\\/themes\\\/yootheme\\\/vendor\\\/yootheme\\\/theme\\\/assets\\\/images\\\/element-image-placeholder.png\",\"title\":\"\"}},{\"type\":\"slideshow_item\",\"props\":{\"image\":\"wp-content\\\/uploads\\\/2022\\\/10\\\/photo-bureau--scaled.jpg\",\"link_text\":\"Our Services\",\"meta\":\"\",\"thumbnail\":\"wp-content\\\/themes\\\/yootheme\\\/vendor\\\/yootheme\\\/theme\\\/assets\\\/images\\\/element-image-placeholder.png\",\"title\":\"\"}},{\"type\":\"slideshow_item\",\"props\":{\"image\":\"wp-content\\\/uploads\\\/2022\\\/10\\\/photo-de-la-reception-3--scaled.jpg\",\"image_alt\":\"maison toa\",\"link_text\":\"Lookbook Men\",\"meta\":\"\",\"thumbnail\":\"wp-content\\\/themes\\\/yootheme\\\/vendor\\\/yootheme\\\/theme\\\/assets\\\/images\\\/element-image-placeholder.png\",\"title\":\"\"}}],\"props\":{\"image_loading\":true,\"image_width\":\"1600\",\"link_margin\":\"medium\",\"link_parallax_opacity\":\"0,1,1\",\"link_parallax_x\":\"30vw,0,-20vw\",\"link_style\":\"default\",\"link_text\":\"Read more\",\"margin\":\"default\",\"meta_align\":\"above-title\",\"meta_element\":\"div\",\"meta_parallax_opacity\":\"0,1,1\",\"meta_parallax_x\":\"20vw,0,-30vw\",\"meta_style\":\"h6\",\"nav\":\"thumbnav\",\"nav_align\":\"center\",\"nav_below\":true,\"nav_breakpoint\":\"s\",\"nav_position\":\"bottom-center\",\"nav_position_margin\":\"large\",\"overlay_animation\":\"parallax\",\"overlay_margin\":\"large\",\"overlay_position\":\"center-left\",\"overlay_width\":\"xlarge\",\"show_content\":true,\"show_link\":false,\"show_meta\":false,\"show_thumbnail\":false,\"show_title\":false,\"slidenav\":\"\",\"slidenav_breakpoint\":\"s\",\"slidenav_margin\":\"medium\",\"slidenav_outside_breakpoint\":\"xl\",\"slideshow_animation\":\"pull\",\"slideshow_autoplay\":false,\"slideshow_autoplay_pause\":true,\"slideshow_max_height\":\"900\",\"slideshow_min_height\":\"500\",\"text_align\":\"left\",\"text_align_breakpoint\":\"s\",\"text_align_fallback\":\"center\",\"text_color\":\"dark\",\"thumbnav_height\":\"95\",\"thumbnav_nowrap\":false,\"thumbnav_svg_color\":\"emphasis\",\"thumbnav_width\":\"110\",\"title_element\":\"h2\",\"title_hover_style\":\"reset\",\"title_parallax_opacity\":\"0,1,1\",\"title_parallax_x\":\"25vw,0,-25vw\",\"title_style\":\"heading-medium\",\"visibility\":\"s\"}},{\"name\":\"Slideshow Content Left Parallax\",\"type\":\"slideshow\",\"children\":[{\"type\":\"slideshow_item\",\"props\":{\"image\":\"wp-content\\\/uploads\\\/2022\\\/10\\\/photo-bureau--scaled-e1666781568603.jpg\",\"image_alt\":\"maison toa\",\"link\":\"#\",\"link_text\":\"Lookbook Women\",\"meta\":\"\",\"thumbnail\":\"wp-content\\\/themes\\\/yootheme\\\/vendor\\\/yootheme\\\/theme\\\/assets\\\/images\\\/element-image-placeholder.png\",\"title\":\"\"}},{\"type\":\"slideshow_item\",\"props\":{\"image\":\"wp-content\\\/uploads\\\/2022\\\/10\\\/photo-bureau--scaled.jpg\",\"link\":\"#\",\"link_text\":\"Our Services\",\"meta\":\"\",\"thumbnail\":\"wp-content\\\/themes\\\/yootheme\\\/vendor\\\/yootheme\\\/theme\\\/assets\\\/images\\\/element-image-placeholder.png\",\"title\":\"\"}},{\"type\":\"slideshow_item\",\"props\":{\"image\":\"wp-content\\\/uploads\\\/2022\\\/10\\\/photo-de-la-reception-3--scaled.jpg\",\"image_alt\":\"maison toa\",\"link\":\"#\",\"link_text\":\"Lookbook Men\",\"meta\":\"\",\"thumbnail\":\"wp-content\\\/themes\\\/yootheme\\\/vendor\\\/yootheme\\\/theme\\\/assets\\\/images\\\/element-image-placeholder.png\",\"title\":\"\"}}],\"props\":{\"link_margin\":\"medium\",\"link_parallax_opacity\":\"0,1,1\",\"link_parallax_x\":\"30vw,0,-20vw\",\"link_style\":\"default\",\"link_text\":\"Read more\",\"margin\":\"default\",\"meta_align\":\"above-title\",\"meta_element\":\"div\",\"meta_parallax_opacity\":\"0,1,1\",\"meta_parallax_x\":\"20vw,0,-30vw\",\"meta_style\":\"h6\",\"nav\":\"dotnav\",\"nav_align\":\"center\",\"nav_below\":true,\"nav_breakpoint\":\"\",\"nav_position\":\"bottom-center\",\"nav_position_margin\":\"large\",\"overlay_animation\":\"parallax\",\"overlay_margin\":\"large\",\"overlay_position\":\"center-left\",\"overlay_width\":\"xlarge\",\"show_content\":true,\"show_link\":false,\"show_meta\":false,\"show_thumbnail\":false,\"show_title\":false,\"slidenav\":\"\",\"slidenav_breakpoint\":\"s\",\"slidenav_margin\":\"medium\",\"slidenav_outside_breakpoint\":\"xl\",\"slideshow_animation\":\"pull\",\"slideshow_autoplay\":false,\"slideshow_autoplay_pause\":true,\"slideshow_max_height\":\"800\",\"slideshow_min_height\":\"200\",\"text_align\":\"left\",\"text_align_breakpoint\":\"s\",\"text_align_fallback\":\"center\",\"text_color\":\"dark\",\"thumbnav_height\":\"95\",\"thumbnav_nowrap\":false,\"thumbnav_svg_color\":\"emphasis\",\"thumbnav_width\":\"110\",\"title_element\":\"h2\",\"title_hover_style\":\"reset\",\"title_parallax_opacity\":\"0,1,1\",\"title_parallax_x\":\"25vw,0,-25vw\",\"title_style\":\"heading-medium\",\"visibility\":\"hidden-s\"}}]},{\"type\":\"column\",\"props\":{\"image_position\":\"center-center\",\"position_sticky_breakpoint\":\"m\",\"width_medium\":\"1-3\"},\"children\":[{\"type\":\"image\",\"props\":{\"image\":\"wp-content\\\/uploads\\\/2021\\\/09\\\/1.jpg\",\"image_alt\":\"la clinique Maison TOA\",\"image_svg_color\":\"emphasis\",\"image_width\":\"610\",\"margin\":\"xlarge\",\"margin_remove_top\":false,\"visibility\":\"m\"}},{\"type\":\"headline\",\"props\":{\"content\":\"\n\n<h2>Aesthetic medicine at the cutting edge of technology<\\\/h2>\",\"margin_remove_bottom\":false,\"text_align\":\"left\",\"text_align_breakpoint\":\"m\",\"text_align_fallback\":\"center\",\"title_element\":\"h2\",\"title_style\":\"h4\"}},{\"type\":\"text\",\"props\":{\"column_breakpoint\":\"m\",\"content\":\"\n\n<p>Maison T\\u00f3\\u0101 is equipped with the latest technologies in <strong>aesthetic medicine<\\\/strong> to provide an innovative and customized experience.<\\\/p>\\n\n\n<p>Our priority is to offer treatments based on medical expertise. Our goal is to provide effective results while respecting each individual's features and morphology.<\\\/p>\\n\n\n<p>These <strong>aesthetic medicine<\\\/strong> treatments are designed for both men and women.<\\\/p>\",\"margin\":\"default\"}}]}]}],\"name\":\"About\"},{\"type\":\"section\",\"props\":{\"image_position\":\"center-center\",\"padding\":\"large\",\"padding_remove_top\":true,\"style\":\"default\",\"text_color\":\"light\",\"title_breakpoint\":\"xl\",\"title_position\":\"top-left\",\"title_rotation\":\"left\",\"vertical_align\":\"\",\"width\":\"\"},\"children\":[{\"type\":\"row\",\"props\":{\"margin\":\"xlarge\"},\"children\":[{\"type\":\"column\",\"props\":{\"image\":\"wp-content\\\/uploads\\\/2020\\\/09\\\/texture.jpg\",\"image_position\":\"center-center\",\"image_size\":\"cover\",\"image_width\":\"1840\",\"padding\":\"small\",\"position_sticky_breakpoint\":\"m\",\"style\":\"tile-muted\",\"text_color\":\"light\",\"width_medium\":\"1-1\"},\"children\":[{\"type\":\"headline\",\"props\":{\"block_align\":\"center\",\"content\":\"Excellence and humanity are the key words of our clinic.\",\"margin\":\"small\",\"maxwidth\":\"xlarge\",\"text_align\":\"center\",\"title_element\":\"h2\"}}]}]},{\"type\":\"row\",\"props\":{\"layout\":\"expand,large\",\"width\":\"default\"},\"children\":[{\"type\":\"column\",\"props\":{\"image_position\":\"center-center\",\"position_sticky_breakpoint\":\"m\",\"width_medium\":\"expand\"},\"children\":[{\"type\":\"headline\",\"props\":{\"content\":\"The heart of Maison T\\u00f3\\u0101\",\"text_align\":\"left\",\"text_align_breakpoint\":\"m\",\"text_align_fallback\":\"center\",\"title_element\":\"h3\",\"title_style\":\"h4\"}},{\"type\":\"text\",\"props\":{\"column_breakpoint\":\"m\",\"content\":\"\n\n<p>T\\u00f3\\u0101: these three letters mean \\\"beauty\\\" in the San dialect, the oldest inhabitants of South Africa. Maison T\\u00f3\\u0101 was also founded as a tribute to Irene Staehelin, a bright Swiss anthropologist and Dr. Miles' godmother.\\u00a0For most of her life, she fought \\u00a0for the\\u00a0San people of the Kalahari Desert by providing them with an educational and cultural center on the west coast of South Africa.<\\\/p>\\n\n\n<p>The San, or more commonly known as Bushmen, are the oldest inhabitants of South Africa, having lived there for over 44,000 years. They speak the clicked languages of the Khoisan group. Persecuted by the Bantu and Boer people, then marginalized by the British colonizers, they now live mainly in the Kalahari Desert. Traditionally hunter-gatherers, they are now largely sedentary and their number is estimated at about 100,000.<\\\/p>\",\"margin\":\"default\",\"text_align\":\"justify\"}}]},{\"type\":\"column\",\"props\":{\"image_position\":\"center-center\",\"position_sticky_breakpoint\":\"m\",\"vertical_align\":\"middle\",\"width_medium\":\"large\"},\"children\":[{\"type\":\"image\",\"props\":{\"block_align\":\"center\",\"image\":\"wp-content\\\/uploads\\\/2020\\\/09\\\/helena-lopes-y0vL_G8JsMw-unsplash-scaled.jpg\",\"image_alt\":\"Aesthetic clinic\",\"image_loading\":true,\"image_svg_color\":\"emphasis\",\"margin\":\"default\",\"maxwidth\":\"large\"}}]}]},{\"type\":\"row\",\"props\":{\"padding_remove_horizontal\":true,\"width\":\"default\"},\"children\":[{\"type\":\"column\",\"props\":{\"image_position\":\"center-center\",\"position_sticky_breakpoint\":\"m\"}}]}],\"name\":\"Workshop\"}],\"version\":\"4.5.31\",\"yooessentialsVersion\":\"2.4.8\"} --><\/p>\n","protected":false},"excerpt":{"rendered":"<p>Maison T\u00f3\u0101 Clinic Maison T\u00f3\u0101 is located in the heart of Lausanne, in the very modern area of the Flon and offers treatments ranging from dermatology to plastic surgery. A pleasant welcome in a discreet and elegant environment awaits you. Lookbook Women Our Services Lookbook Men Aesthetic medicine at the cutting edge of technology Maison [&hellip;]<\/p>\n","protected":false},"author":4,"featured_media":0,"parent":0,"menu_order":0,"comment_status":"closed","ping_status":"closed","template":"","meta":{"_acf_changed":false,"footnotes":""},"class_list":["post-6447","page","type-page","status-publish","hentry"],"acf":[],"_links":{"self":[{"href":"https:\/\/maisontoa.com\/en\/wp-json\/wp\/v2\/pages\/6447","targetHints":{"allow":["GET"]}}],"collection":[{"href":"https:\/\/maisontoa.com\/en\/wp-json\/wp\/v2\/pages"}],"about":[{"href":"https:\/\/maisontoa.com\/en\/wp-json\/wp\/v2\/types\/page"}],"author":[{"embeddable":true,"href":"https:\/\/maisontoa.com\/en\/wp-json\/wp\/v2\/users\/4"}],"replies":[{"embeddable":true,"href":"https:\/\/maisontoa.com\/en\/wp-json\/wp\/v2\/comments?post=6447"}],"version-history":[{"count":0,"href":"https:\/\/maisontoa.com\/en\/wp-json\/wp\/v2\/pages\/6447\/revisions"}],"wp:attachment":[{"href":"https:\/\/maisontoa.com\/en\/wp-json\/wp\/v2\/media?parent=6447"}],"curies":[{"name":"wp","href":"https:\/\/api.w.org\/{rel}","templated":true}]}}