{"id":21058,"date":"2026-02-06T10:18:13","date_gmt":"2026-02-06T09:18:13","guid":{"rendered":"https:\/\/maisontoa.com\/our-team\/reda-benani\/"},"modified":"2026-02-06T10:46:24","modified_gmt":"2026-02-06T09:46:24","slug":"reda-benani","status":"publish","type":"page","link":"https:\/\/maisontoa.com\/en\/our-team\/reda-benani\/","title":{"rendered":"Reda Benani"},"content":{"rendered":"<h1>Dr. Reda Benani<\/h1>\n<p><img decoding=\"async\" src=\"\/wp-content\/uploads\/2025\/10\/dr-reda-Benanni.webp\" alt=\"dr reda benani\" title=\"\"><\/p>\n<div>\n<p>As a practicing physician specialized in general internal medicine and predictive medicine, Dr. Reda Benani stands out for his integrative and preventive approach to health.<\/p>\n<p>Certified by the American Academy of Anti-Aging Medicine (A4M) in precision anti-aging medicine as well as in intravenous therapy, he has expertise in the use of various biohacking methods (blood analysis and other lifestyle tracking tools) to establish a personalized strategy aimed at improving his patients\u2019 quality of life and overall health, combining subtle lifestyle adjustments with other therapeutic modalities.<\/p>\n<\/div>\n<p><!--more--><br \/>\n<!-- {\"type\":\"layout\",\"children\":[{\"name\":\"Vita\",\"type\":\"section\",\"props\":{\"animation_delay\":false,\"image_position\":\"center-center\",\"padding_bottom\":\"large\",\"padding_top\":\"large\",\"style\":\"default\",\"title_breakpoint\":\"xl\",\"title_position\":\"top-left\",\"title_rotation\":\"left\",\"vertical_align\":\"\",\"width\":\"default\"},\"children\":[{\"type\":\"row\",\"children\":[{\"type\":\"column\",\"props\":{\"image_position\":\"center-center\",\"position_sticky_breakpoint\":\"m\"},\"children\":[{\"type\":\"breadcrumbs\",\"props\":{\"show_current\":true,\"show_home\":true}}]}]},{\"type\":\"row\",\"children\":[{\"type\":\"column\",\"props\":{\"image_position\":\"center-center\",\"position_sticky_breakpoint\":\"m\",\"width_medium\":\"1-1\"},\"children\":[{\"type\":\"headline\",\"props\":{\"content\":\"Dr. Reda Benani\",\"image_align\":\"left\",\"image_margin\":\"xsmall\",\"margin_bottom\":\"small\",\"margin_top\":\"small\",\"title_decoration\":\"bullet\",\"title_element\":\"h1\",\"title_style\":\"h2\"}}]}]},{\"type\":\"row\",\"props\":{\"column_gap\":\"large\",\"layout\":\"1-3,2-3\",\"row_gap\":\"large\"},\"children\":[{\"type\":\"column\",\"props\":{\"image_position\":\"center-center\",\"position_sticky_breakpoint\":\"m\",\"width_small\":\"1-3\"},\"children\":[{\"type\":\"image\",\"props\":{\"image\":\"wp-content\/uploads\/2025\/10\/dr-reda-Benanni.webp\",\"image_alt\":\"dr reda benani\",\"image_loading\":true,\"image_svg_color\":\"emphasis\",\"image_width\":\"600\",\"margin_bottom\":\"default\",\"margin_top\":\"default\"}}]},{\"type\":\"column\",\"props\":{\"image_position\":\"center-center\",\"position_sticky_breakpoint\":\"m\",\"vertical_align\":\"middle\",\"width_small\":\"2-3\"},\"children\":[{\"type\":\"text\",\"props\":{\"column_breakpoint\":\"m\",\"content\":\"\n\n<p>As a practicing physician specialized in general internal medicine and predictive medicine, Dr. Reda Benani stands out for his integrative and preventive approach to health.<\/p>\n\n\\n\n\n<p>Certified by the American Academy of Anti-Aging Medicine (A4M) in precision anti-aging medicine as well as in intravenous therapy, he has expertise in the use of various biohacking methods (blood analysis and other lifestyle tracking tools) to establish a personalized strategy aimed at improving his patients\u2019 quality of life and overall health, combining subtle lifestyle adjustments with other therapeutic modalities.<\/p>\n\n\",\"margin_bottom\":\"default\",\"margin_top\":\"default\",\"text_align\":\"justify\"}},{\"type\":\"description_list\",\"props\":{\"column_breakpoint\":\"m\",\"layout\":\"grid-2\",\"list_element\":\"ul\",\"list_size\":\"large\",\"meta_align\":\"below-content\",\"meta_style\":\"text-meta\",\"show_content\":true,\"show_link\":true,\"show_meta\":true,\"show_title\":true,\"status\":\"disabled\",\"title_element\":\"div\",\"title_grid_column_gap\":\"large\",\"title_grid_row_gap\":\"large\",\"title_grid_width\":\"expand\"},\"children\":[{\"type\":\"description_list_item\",\"props\":{\"content\":\"\",\"meta\":\"\",\"title\":\"Membre de la FMH (F\u00e9d\u00e9ration des m\u00e9decins helv\u00e9tiques)\"}},{\"type\":\"description_list_item\",\"props\":{\"content\":\"\",\"meta\":\"\",\"title\":\"Membre de la Soci\u00e9t\u00e9 Vaudois de m\u00e9decine (SVM) \u00e0 Lausanne\"}},{\"type\":\"description_list_item\",\"props\":{\"content\":\"\",\"meta\":\"\",\"title\":\"Membre de la SSCPRE (Soci\u00e9t\u00e9 suisse de chirurgie plastique, reconstructive et esth\u00e9tique)\"}},{\"type\":\"description_list_item\",\"props\":{\"title\":\"Membre de la SSCE (Soci\u00e9t\u00e9 suisse de chirurgie esth\u00e9tique)\"}}]}]}]}]}],\"version\":\"5.0.10\"} --><\/p>\n","protected":false},"excerpt":{"rendered":"<p>Dr. Reda Benani As a practicing physician specialized in general internal medicine and predictive medicine, Dr. Reda Benani stands out for his integrative and preventive approach to health. Certified by the American Academy of Anti-Aging Medicine (A4M) in precision anti-aging medicine as well as in intravenous therapy, he has expertise in the use of various [&hellip;]<\/p>\n","protected":false},"author":4,"featured_media":0,"parent":8174,"menu_order":0,"comment_status":"closed","ping_status":"closed","template":"","meta":{"_acf_changed":false,"footnotes":""},"class_list":["post-21058","page","type-page","status-publish","hentry"],"acf":[],"_links":{"self":[{"href":"https:\/\/maisontoa.com\/en\/wp-json\/wp\/v2\/pages\/21058","targetHints":{"allow":["GET"]}}],"collection":[{"href":"https:\/\/maisontoa.com\/en\/wp-json\/wp\/v2\/pages"}],"about":[{"href":"https:\/\/maisontoa.com\/en\/wp-json\/wp\/v2\/types\/page"}],"author":[{"embeddable":true,"href":"https:\/\/maisontoa.com\/en\/wp-json\/wp\/v2\/users\/4"}],"replies":[{"embeddable":true,"href":"https:\/\/maisontoa.com\/en\/wp-json\/wp\/v2\/comments?post=21058"}],"version-history":[{"count":2,"href":"https:\/\/maisontoa.com\/en\/wp-json\/wp\/v2\/pages\/21058\/revisions"}],"predecessor-version":[{"id":21060,"href":"https:\/\/maisontoa.com\/en\/wp-json\/wp\/v2\/pages\/21058\/revisions\/21060"}],"up":[{"embeddable":true,"href":"https:\/\/maisontoa.com\/en\/wp-json\/wp\/v2\/pages\/8174"}],"wp:attachment":[{"href":"https:\/\/maisontoa.com\/en\/wp-json\/wp\/v2\/media?parent=21058"}],"curies":[{"name":"wp","href":"https:\/\/api.w.org\/{rel}","templated":true}]}}