{"id":11499,"date":"2023-10-14T08:27:31","date_gmt":"2023-10-14T06:27:31","guid":{"rendered":"https:\/\/maisontoa.com\/our-team\/dr-alexandra-miles\/"},"modified":"2026-02-02T11:48:58","modified_gmt":"2026-02-02T10:48:58","slug":"dr-alexandra-miles","status":"publish","type":"page","link":"https:\/\/maisontoa.com\/en\/our-team\/dr-alexandra-miles\/","title":{"rendered":"Dr. Alexandra Miles &#8211; Aesthetic expert"},"content":{"rendered":"<h1>Dr. Alexandra Miles<\/h1>\n<div>CEO &#038; Founder<\/p>\n<\/div>\n<ul>\n<li><a href=\"https:\/\/www.linkedin.com\/in\/alexandra-miles-500b1478\/\" target=\"_blank\" rel=\"noopener\">linkedin<\/a>\n<\/li>\n<\/ul>\n<p><img decoding=\"async\" src=\"\/wp-content\/uploads\/2025\/02\/Dr-Alexandra-Miles.png\" alt=\"Dr Miles\" title=\"\"><\/p>\n<div>\n<p>Dr Alexandra Miles has been practicing dermatology with passion since 2011. After several years at Lausanne University Hospital, Dr. Miles broadened her experience and specialized in all techniques relating to aging and aesthetics of the face and body. Together with Dr. Nordback, she founded the Clinique<a href=\"https:\/\/maisontoa.com\/en\/treatments\/\"> Maison T\u00d3\u0100<\/a> in 2020.<\/p>\n<\/div>\n<h2><span>Affiliations et Adh\u00e9sions Professionnelles en Suisse<\/span><\/h2>\n<ul>\n<li>\n<h3>Member of the FMH (Swiss Medical Association)<\/h3>\n<\/li>\n<li>\n<h3>Member of the Soci\u00e9t\u00e9 Vaudois de M\u00e9decine (SVM), Lausanne<\/h3>\n<\/li>\n<li>\n<h3>Member of the SSDV (Swiss Society of Dermatology and Venereology)<\/h3>\n<\/li>\n<\/ul>\n<h2>Area of expertise<\/h2>\n<div>\n<p><span style=\"font-family: Roboto; text-align: justify;\">His main areas of expertise are laser treatments for facial dermatoses (acne, rosacea, melasma, solar lentigo) and injections of botulinum toxin, hyaluronic acid, radiesse, scultra and profhilo.<\/span><\/p>\n<\/div>\n<h2>Testimonials<\/h2>\n<div>\n<p>        <img decoding=\"async\" src=\"\/wp-content\/uploads\/2023\/10\/Capture-decran-2023-10-14-a-08.45.56.png\" alt=\"t\u00e9moignage patiente Dr. Alexandra Miles whitney toyloy\" title=\"\"><\/p>\n<h3>Whitney Toyloy<\/h3>\n<p>2020 &#8211; 2023<\/p>\n<div>\n<p>I&#8217;ve been coming to Maison T\u00f3\u0101 for over 2 years now. I have felt very listened to by Dr. Alexandra Miles. I always enjoy coming to Maison T\u00f3\u0101, whether it&#8217;s for my skin problems or aesthetic problems, each time there&#8217;s a beautiful accompaniment.<\/p>\n<\/div>\n<p><a href=\"https:\/\/maisontoa.com\/temoignages\/\">VIEW FULL TESTIMONIAL<\/a><\/p>\n<\/div>\n<p><!--more--><br \/>\n<!-- {\"type\":\"layout\",\"children\":[{\"name\":\"Vita\",\"type\":\"section\",\"props\":{\"animation_delay\":false,\"image_position\":\"center-center\",\"padding_bottom\":\"large\",\"padding_top\":\"large\",\"style\":\"default\",\"title_breakpoint\":\"xl\",\"title_position\":\"top-left\",\"title_rotation\":\"left\",\"vertical_align\":\"\",\"width\":\"default\"},\"children\":[{\"type\":\"row\",\"children\":[{\"type\":\"column\",\"props\":{\"image_position\":\"center-center\",\"position_sticky_breakpoint\":\"m\"},\"children\":[{\"type\":\"breadcrumbs\",\"props\":{\"show_current\":true,\"show_home\":true}}]}]},{\"type\":\"row\",\"children\":[{\"type\":\"column\",\"props\":{\"image_position\":\"center-center\",\"position_sticky_breakpoint\":\"m\",\"width_medium\":\"1-1\"},\"children\":[{\"type\":\"headline\",\"props\":{\"content\":\"Dr. Alexandra Miles\",\"image_align\":\"left\",\"image_margin\":\"xsmall\",\"margin_bottom\":\"small\",\"margin_top\":\"small\",\"title_decoration\":\"bullet\",\"title_element\":\"h1\",\"title_style\":\"h2\"}}]}]},{\"type\":\"row\",\"props\":{\"layout\":\"1-6,1-6,1-6,1-6,1-6,1-6|1-3,1-3,1-3,1-3,1-3,1-3\"},\"children\":[{\"type\":\"column\",\"props\":{\"image_position\":\"center-center\",\"position_sticky_breakpoint\":\"m\",\"width_medium\":\"1-6\",\"width_small\":\"1-3\"},\"children\":[{\"type\":\"text\",\"props\":{\"column_breakpoint\":\"m\",\"content\":\"CEO & Founder\\n\\n\",\"margin_bottom\":\"remove\",\"margin_top\":\"remove\"}}]},{\"type\":\"column\",\"props\":{\"image_position\":\"center-center\",\"position_sticky_breakpoint\":\"m\",\"width_medium\":\"1-6\",\"width_small\":\"1-3\"},\"children\":[{\"type\":\"social\",\"props\":{\"grid\":\"horizontal\",\"grid_column_gap\":\"small\",\"grid_row_gap\":\"small\",\"image_svg_inline\":true,\"link_style\":\"link\",\"margin_bottom\":\"default\",\"margin_top\":\"default\"},\"children\":[{\"type\":\"social_item\",\"props\":{\"link\":\"https:\/\/www.linkedin.com\/in\/alexandra-miles-500b1478\/\"}}]}]},{\"type\":\"column\",\"props\":{\"image_position\":\"center-center\",\"position_sticky_breakpoint\":\"m\",\"width_medium\":\"1-6\",\"width_small\":\"1-3\"}},{\"type\":\"column\",\"props\":{\"image_position\":\"center-center\",\"position_sticky_breakpoint\":\"m\",\"width_medium\":\"1-6\",\"width_small\":\"1-3\"}},{\"type\":\"column\",\"props\":{\"image_position\":\"center-center\",\"position_sticky_breakpoint\":\"m\",\"width_medium\":\"1-6\",\"width_small\":\"1-3\"}},{\"type\":\"column\",\"props\":{\"image_position\":\"center-center\",\"position_sticky_breakpoint\":\"m\",\"width_medium\":\"1-6\",\"width_small\":\"1-3\"}}]},{\"type\":\"row\",\"props\":{\"column_gap\":\"large\",\"layout\":\"1-3,2-3\",\"row_gap\":\"large\"},\"children\":[{\"type\":\"column\",\"props\":{\"image_position\":\"center-center\",\"position_sticky_breakpoint\":\"m\",\"width_small\":\"1-3\"},\"children\":[{\"type\":\"image\",\"props\":{\"image\":\"wp-content\/uploads\/2025\/02\/Dr-Alexandra-Miles.png\",\"image_alt\":\"Dr Miles\",\"image_loading\":true,\"image_svg_color\":\"emphasis\",\"image_width\":\"600\",\"margin_bottom\":\"default\",\"margin_top\":\"default\"}}]},{\"type\":\"column\",\"props\":{\"image_position\":\"center-center\",\"position_sticky_breakpoint\":\"m\",\"width_small\":\"2-3\"},\"children\":[{\"type\":\"text\",\"props\":{\"column_breakpoint\":\"m\",\"content\":\"\n\n<p>Dr Alexandra Miles has been practicing dermatology with passion since 2011. After several years at Lausanne University Hospital, Dr. Miles broadened her experience and specialized in all techniques relating to aging and aesthetics of the face and body. Together with Dr. Nordback, she founded the Clinique<a href=\\\"https:\/\/maisontoa.com\/en\/treatments\/\\\"> Maison T\u00d3\u0100<\/a> in 2020.<\/p>\n\n\",\"margin_bottom\":\"default\",\"margin_top\":\"default\",\"text_align\":\"justify\"}},{\"type\":\"headline\",\"props\":{\"content\":\"<span>Affiliations et Adh\u00e9sions Professionnelles en Suisse<\/span>\",\"image_align\":\"left\",\"image_margin\":\"xsmall\",\"margin_bottom\":\"remove\",\"margin_top\":\"large\",\"title_element\":\"h2\",\"title_style\":\"h3\"}},{\"type\":\"description_list\",\"props\":{\"column_breakpoint\":\"m\",\"layout\":\"grid-2\",\"list_element\":\"ul\",\"list_size\":\"large\",\"list_style\":\"divider\",\"meta_align\":\"below-content\",\"meta_style\":\"text-meta\",\"show_content\":true,\"show_link\":true,\"show_meta\":true,\"show_title\":true,\"title_element\":\"div\",\"title_grid_column_gap\":\"large\",\"title_grid_row_gap\":\"large\",\"title_grid_width\":\"expand\"},\"children\":[{\"type\":\"description_list_item\",\"props\":{\"content\":\"\",\"meta\":\"\",\"title\":\"Member of the FMH (Swiss Medical Association)\"}},{\"type\":\"description_list_item\",\"props\":{\"content\":\"\",\"meta\":\"\",\"title\":\"Member of the Soci\u00e9t\u00e9 Vaudois de M\u00e9decine (SVM), Lausanne\"}},{\"type\":\"description_list_item\",\"props\":{\"content\":\"\",\"meta\":\"\",\"title\":\"Member of the SSDV (Swiss Society of Dermatology and Venereology)\"}}]},{\"type\":\"headline\",\"props\":{\"content\":\"Area of expertise\",\"image_align\":\"left\",\"image_margin\":\"xsmall\",\"margin_bottom\":\"remove\",\"margin_top\":\"large\",\"title_element\":\"h2\",\"title_style\":\"h3\"}},{\"type\":\"text\",\"props\":{\"column_breakpoint\":\"m\",\"content\":\"\n\n<p><span style=\\\"font-family: Roboto; text-align: justify;\\\">His main areas of expertise are laser treatments for facial dermatoses (acne, rosacea, melasma, solar lentigo) and injections of botulinum toxin, hyaluronic acid, radiesse, scultra and profhilo.<\/span><\/p>\n\n\",\"margin_bottom\":\"default\",\"margin_top\":\"default\",\"text_align\":\"justify\"}}]}]}]},{\"name\":\"Case Studies\",\"type\":\"section\",\"props\":{\"animation_delay\":false,\"image_position\":\"center-center\",\"padding_bottom\":\"large\",\"padding_top\":\"large\",\"style\":\"muted\",\"title_breakpoint\":\"xl\",\"title_position\":\"top-left\",\"title_rotation\":\"left\",\"vertical_align\":\"\",\"width\":\"default\"},\"children\":[{\"type\":\"row\",\"props\":{\"margin_bottom\":\"large\",\"margin_top\":\"large\"},\"children\":[{\"type\":\"column\",\"props\":{\"image_position\":\"center-center\",\"position_sticky_breakpoint\":\"m\",\"width_medium\":\"1-1\"},\"children\":[{\"type\":\"headline\",\"props\":{\"content\":\"Testimonials\",\"image_align\":\"left\",\"image_margin\":\"xsmall\",\"title_decoration\":\"bullet\",\"title_element\":\"h2\",\"title_style\":\"h2\"}}]}]},{\"type\":\"row\",\"props\":{\"column_gap\":\"large\",\"row_gap\":\"large\"},\"children\":[{\"type\":\"column\",\"props\":{\"image_position\":\"center-center\",\"position_sticky_breakpoint\":\"m\"},\"children\":[{\"type\":\"panel\",\"props\":{\"content\":\"\n\n<p>I've been coming to Maison T\u00f3\u0101 for over 2 years now. I have felt very listened to by Dr. Alexandra Miles. I always enjoy coming to Maison T\u00f3\u0101, whether it's for my skin problems or aesthetic problems, each time there's a beautiful accompaniment.<\/p>\n\n\",\"content_column_breakpoint\":\"m\",\"image\":\"wp-content\/uploads\/2023\/10\/Capture-decran-2023-10-14-a-08.45.56.png\",\"image_align\":\"left\",\"image_alt\":\"t\u00e9moignage patiente Dr. Alexandra Miles whitney toyloy\",\"image_grid_breakpoint\":\"m\",\"image_grid_width\":\"1-2\",\"image_loading\":true,\"image_svg_color\":\"emphasis\",\"image_width\":\"910\",\"link\":\"temoignages\/\",\"link_style\":\"primary\",\"link_text\":\"VIEW FULL TESTIMONIAL\",\"margin_bottom\":\"default\",\"margin_top\":\"default\",\"meta\":\"2020 - 2023\",\"meta_align\":\"above-title\",\"meta_element\":\"div\",\"meta_style\":\"text-meta\",\"text_align\":\"justify\",\"title\":\"Whitney Toyloy\",\"title_align\":\"top\",\"title_element\":\"h3\",\"title_grid_breakpoint\":\"m\",\"title_grid_width\":\"1-2\",\"title_hover_style\":\"reset\"}}]}]}]}],\"version\":\"5.0.9\",\"yooessentialsVersion\":\"3.0.0-beta.4\"} --><\/p>\n","protected":false},"excerpt":{"rendered":"<p>Dr. Alexandra Miles CEO &#038; Founder linkedin Dr Alexandra Miles has been practicing dermatology with passion since 2011. After several years at Lausanne University Hospital, Dr. Miles broadened her experience and specialized in all techniques relating to aging and aesthetics of the face and body. Together with Dr. Nordback, she founded the Clinique Maison T\u00d3\u0100 [&hellip;]<\/p>\n","protected":false},"author":8,"featured_media":15880,"parent":8174,"menu_order":0,"comment_status":"closed","ping_status":"closed","template":"","meta":{"_acf_changed":false,"footnotes":""},"class_list":["post-11499","page","type-page","status-publish","has-post-thumbnail","hentry"],"acf":[],"_links":{"self":[{"href":"https:\/\/maisontoa.com\/en\/wp-json\/wp\/v2\/pages\/11499","targetHints":{"allow":["GET"]}}],"collection":[{"href":"https:\/\/maisontoa.com\/en\/wp-json\/wp\/v2\/pages"}],"about":[{"href":"https:\/\/maisontoa.com\/en\/wp-json\/wp\/v2\/types\/page"}],"author":[{"embeddable":true,"href":"https:\/\/maisontoa.com\/en\/wp-json\/wp\/v2\/users\/8"}],"replies":[{"embeddable":true,"href":"https:\/\/maisontoa.com\/en\/wp-json\/wp\/v2\/comments?post=11499"}],"version-history":[{"count":2,"href":"https:\/\/maisontoa.com\/en\/wp-json\/wp\/v2\/pages\/11499\/revisions"}],"predecessor-version":[{"id":20896,"href":"https:\/\/maisontoa.com\/en\/wp-json\/wp\/v2\/pages\/11499\/revisions\/20896"}],"up":[{"embeddable":true,"href":"https:\/\/maisontoa.com\/en\/wp-json\/wp\/v2\/pages\/8174"}],"wp:featuredmedia":[{"embeddable":true,"href":"https:\/\/maisontoa.com\/en\/wp-json\/wp\/v2\/media\/15880"}],"wp:attachment":[{"href":"https:\/\/maisontoa.com\/en\/wp-json\/wp\/v2\/media?parent=11499"}],"curies":[{"name":"wp","href":"https:\/\/api.w.org\/{rel}","templated":true}]}}