{"id":11498,"date":"2023-10-15T13:02:27","date_gmt":"2023-10-15T11:02:27","guid":{"rendered":"https:\/\/maisontoa.com\/our-team\/dr-sophie-nordback\/"},"modified":"2026-02-02T11:13:43","modified_gmt":"2026-02-02T10:13:43","slug":"dr-sophie-nordback","status":"publish","type":"page","link":"https:\/\/maisontoa.com\/en\/our-team\/dr-sophie-nordback\/","title":{"rendered":"Dr. Sophie Nordback"},"content":{"rendered":"<h1>Dr. Sophie Nordback<\/h1>\n<div>CEO &#038; Founder<\/p>\n<\/div>\n<ul>\n<li><a href=\"https:\/\/www.linkedin.com\/in\/sophie-nordback-0aa46916\/\" target=\"_blank\" rel=\"noopener\">linkedin<\/a>\n<\/li>\n<\/ul>\n<p><img decoding=\"async\" src=\"\/wp-content\/uploads\/2025\/12\/Dr.-Sophie-Nordback-1.png\" alt=\"Dr. Sophie Nordback\" title=\"\"><\/p>\n<div>\n<p>Dr Sophie Nordback is an FMH-qualified plastic and aesthetic surgeon. She trained mainly at the University Hospital in Lausanne, where she remained head of clinic until 2015. She then went freelance until October 2020, when she founded Clinique <a href=\"https:\/\/maisontoa.com\/en\/our-team\/\">Maison T\u00d3\u0100<\/a> with Dr. Miles.<\/p>\n<\/div>\n<h2>Affiliations and Professional Memberships in Switzerland<\/h2>\n<ul>\n<li>\n<h3>Member of the FMH (Swiss Medical Association)<\/h3>\n<\/li>\n<li>\n<h3>Member of the Soci\u00e9t\u00e9 Vaudois de M\u00e9decine (SVM), Lausanne<\/h3>\n<\/li>\n<li>\n<h3>Member of the SSCPRE (Swiss Society of Plastic, Reconstructive and Aesthetic Surgery)<\/h3>\n<\/li>\n<li>\n<h3>Member of the SSCE (Swiss Society for Cosmetic Surgery)<\/h3>\n<\/li>\n<\/ul>\n<h2>Area of expertise<\/h2>\n<div>\n<p>She specializes in cosmetic surgery, with a particular affinity for face and breast operations. She also specializes in injections of botulinum toxin, hyaluronic acid, radiesse, sculptra and profhilo.<\/p>\n<\/div>\n<p><!--more--><br \/>\n<!-- {\"type\":\"layout\",\"children\":[{\"name\":\"Vita\",\"type\":\"section\",\"props\":{\"animation_delay\":false,\"image_position\":\"center-center\",\"padding_bottom\":\"large\",\"padding_top\":\"large\",\"style\":\"default\",\"title_breakpoint\":\"xl\",\"title_position\":\"top-left\",\"title_rotation\":\"left\",\"vertical_align\":\"\",\"width\":\"default\"},\"children\":[{\"type\":\"row\",\"children\":[{\"type\":\"column\",\"props\":{\"image_position\":\"center-center\",\"position_sticky_breakpoint\":\"m\"},\"children\":[{\"type\":\"breadcrumbs\",\"props\":{\"show_current\":true,\"show_home\":true}}]}]},{\"type\":\"row\",\"children\":[{\"type\":\"column\",\"props\":{\"image_position\":\"center-center\",\"position_sticky_breakpoint\":\"m\",\"width_medium\":\"1-1\"},\"children\":[{\"type\":\"headline\",\"props\":{\"content\":\"Dr. Sophie Nordback\",\"image_align\":\"left\",\"image_margin\":\"xsmall\",\"margin_bottom\":\"small\",\"margin_top\":\"small\",\"title_decoration\":\"bullet\",\"title_element\":\"h1\",\"title_style\":\"h2\"}}]}]},{\"type\":\"row\",\"props\":{\"layout\":\"1-6,1-6,1-6,1-6,1-6,1-6|1-3,1-3,1-3,1-3,1-3,1-3\"},\"children\":[{\"type\":\"column\",\"props\":{\"image_position\":\"center-center\",\"position_sticky_breakpoint\":\"m\",\"width_default\":\"2-3\",\"width_medium\":\"1-6\",\"width_small\":\"1-5\"},\"children\":[{\"type\":\"text\",\"props\":{\"column_breakpoint\":\"m\",\"content\":\"CEO & Founder\\n\\n\",\"margin_bottom\":\"remove\",\"margin_top\":\"remove\"}}]},{\"type\":\"column\",\"props\":{\"image_position\":\"center-center\",\"position_sticky_breakpoint\":\"m\",\"width_default\":\"1-3\",\"width_medium\":\"1-6\",\"width_small\":\"1-5\"},\"children\":[{\"type\":\"social\",\"props\":{\"grid\":\"horizontal\",\"grid_column_gap\":\"small\",\"grid_row_gap\":\"small\",\"image_svg_inline\":true,\"link_style\":\"link\",\"margin_bottom\":\"default\",\"margin_top\":\"default\"},\"children\":[{\"type\":\"social_item\",\"props\":{\"link\":\"https:\/\/www.linkedin.com\/in\/sophie-nordback-0aa46916\/\"}}]}]},{\"type\":\"column\",\"props\":{\"image_position\":\"center-center\",\"position_sticky_breakpoint\":\"m\",\"width_medium\":\"1-6\",\"width_small\":\"1-3\"}},{\"type\":\"column\",\"props\":{\"image_position\":\"center-center\",\"position_sticky_breakpoint\":\"m\",\"width_medium\":\"1-6\",\"width_small\":\"1-3\"}},{\"type\":\"column\",\"props\":{\"image_position\":\"center-center\",\"position_sticky_breakpoint\":\"m\",\"width_medium\":\"1-6\",\"width_small\":\"1-3\"}},{\"type\":\"column\",\"props\":{\"image_position\":\"center-center\",\"position_sticky_breakpoint\":\"m\",\"width_medium\":\"1-6\",\"width_small\":\"1-3\"}}]},{\"type\":\"row\",\"props\":{\"column_gap\":\"large\",\"layout\":\"1-3,2-3\",\"row_gap\":\"large\"},\"children\":[{\"type\":\"column\",\"props\":{\"image_position\":\"center-center\",\"position_sticky_breakpoint\":\"m\",\"width_small\":\"1-3\"},\"children\":[{\"type\":\"image\",\"props\":{\"height_expand\":true,\"image\":\"wp-content\/uploads\/2025\/12\/Dr.-Sophie-Nordback-1.png\",\"image_alt\":\"Dr. Sophie Nordback\",\"image_loading\":true,\"image_svg_color\":\"emphasis\",\"image_width\":\"600\",\"margin_bottom\":\"default\",\"margin_top\":\"default\"}}]},{\"type\":\"column\",\"props\":{\"image_position\":\"center-center\",\"position_sticky_breakpoint\":\"m\",\"width_small\":\"2-3\"},\"children\":[{\"type\":\"text\",\"props\":{\"column_breakpoint\":\"m\",\"content\":\"\n\n<p>Dr Sophie Nordback is an FMH-qualified plastic and aesthetic surgeon. She trained mainly at the University Hospital in Lausanne, where she remained head of clinic until 2015. She then went freelance until October 2020, when she founded Clinique <a href=\\\"https:\/\/maisontoa.com\/en\/our-team\/\\\">Maison T\u00d3\u0100<\/a> with Dr. Miles.<\/p>\n\n\",\"margin_bottom\":\"default\",\"margin_top\":\"default\",\"text_align\":\"justify\"}},{\"type\":\"headline\",\"props\":{\"content\":\"Affiliations and Professional Memberships in Switzerland\",\"image_align\":\"left\",\"image_margin\":\"xsmall\",\"margin_bottom\":\"remove\",\"margin_top\":\"large\",\"title_element\":\"h2\",\"title_style\":\"h3\"}},{\"type\":\"description_list\",\"props\":{\"column_breakpoint\":\"m\",\"layout\":\"grid-2\",\"list_element\":\"ul\",\"list_size\":\"large\",\"meta_align\":\"below-content\",\"meta_style\":\"text-meta\",\"show_content\":true,\"show_link\":true,\"show_meta\":true,\"show_title\":true,\"title_element\":\"div\",\"title_grid_column_gap\":\"large\",\"title_grid_row_gap\":\"large\",\"title_grid_width\":\"expand\"},\"children\":[{\"type\":\"description_list_item\",\"props\":{\"content\":\"\",\"meta\":\"\",\"title\":\"Member of the FMH (Swiss Medical Association)\"}},{\"type\":\"description_list_item\",\"props\":{\"content\":\"\",\"meta\":\"\",\"title\":\"Member of the Soci\u00e9t\u00e9 Vaudois de M\u00e9decine (SVM), Lausanne\"}},{\"type\":\"description_list_item\",\"props\":{\"content\":\"\",\"meta\":\"\",\"title\":\"Member of the SSCPRE (Swiss Society of Plastic, Reconstructive and Aesthetic Surgery)\"}},{\"type\":\"description_list_item\",\"props\":{\"title\":\"Member of the SSCE (Swiss Society for Cosmetic Surgery)\"}}]},{\"type\":\"headline\",\"props\":{\"content\":\"Area of expertise\",\"image_align\":\"left\",\"image_margin\":\"xsmall\",\"margin_bottom\":\"remove\",\"margin_top\":\"large\",\"title_element\":\"h2\",\"title_style\":\"h3\"}},{\"type\":\"text\",\"props\":{\"column_breakpoint\":\"m\",\"content\":\"\n\n<p>She specializes in cosmetic surgery, with a particular affinity for face and breast operations. She also specializes in injections of botulinum toxin, hyaluronic acid, radiesse, sculptra and profhilo.<\/p>\n\n\",\"margin_bottom\":\"default\",\"margin_top\":\"default\",\"text_align\":\"justify\"}}]}]}]}],\"version\":\"5.0.9\",\"yooessentialsVersion\":\"3.0.0-beta.4\"} --><\/p>\n","protected":false},"excerpt":{"rendered":"<p>Dr. Sophie Nordback CEO &#038; Founder linkedin Dr Sophie Nordback is an FMH-qualified plastic and aesthetic surgeon. She trained mainly at the University Hospital in Lausanne, where she remained head of clinic until 2015. She then went freelance until October 2020, when she founded Clinique Maison T\u00d3\u0100 with Dr. Miles. Affiliations and Professional Memberships in [&hellip;]<\/p>\n","protected":false},"author":4,"featured_media":15786,"parent":8174,"menu_order":0,"comment_status":"closed","ping_status":"closed","template":"","meta":{"_acf_changed":false,"footnotes":""},"class_list":["post-11498","page","type-page","status-publish","has-post-thumbnail","hentry"],"acf":[],"_links":{"self":[{"href":"https:\/\/maisontoa.com\/en\/wp-json\/wp\/v2\/pages\/11498","targetHints":{"allow":["GET"]}}],"collection":[{"href":"https:\/\/maisontoa.com\/en\/wp-json\/wp\/v2\/pages"}],"about":[{"href":"https:\/\/maisontoa.com\/en\/wp-json\/wp\/v2\/types\/page"}],"author":[{"embeddable":true,"href":"https:\/\/maisontoa.com\/en\/wp-json\/wp\/v2\/users\/4"}],"replies":[{"embeddable":true,"href":"https:\/\/maisontoa.com\/en\/wp-json\/wp\/v2\/comments?post=11498"}],"version-history":[{"count":1,"href":"https:\/\/maisontoa.com\/en\/wp-json\/wp\/v2\/pages\/11498\/revisions"}],"predecessor-version":[{"id":20885,"href":"https:\/\/maisontoa.com\/en\/wp-json\/wp\/v2\/pages\/11498\/revisions\/20885"}],"up":[{"embeddable":true,"href":"https:\/\/maisontoa.com\/en\/wp-json\/wp\/v2\/pages\/8174"}],"wp:featuredmedia":[{"embeddable":true,"href":"https:\/\/maisontoa.com\/en\/wp-json\/wp\/v2\/media\/15786"}],"wp:attachment":[{"href":"https:\/\/maisontoa.com\/en\/wp-json\/wp\/v2\/media?parent=11498"}],"curies":[{"name":"wp","href":"https:\/\/api.w.org\/{rel}","templated":true}]}}